{"id":300,"date":"2025-08-22T20:32:51","date_gmt":"2025-08-22T20:32:51","guid":{"rendered":"https:\/\/hepsinirda.com\/?post_type=product&#038;p=300"},"modified":"2025-08-22T20:37:26","modified_gmt":"2025-08-22T20:37:26","slug":"nisan-elbise-12","status":"publish","type":"product","link":"https:\/\/hepsinirda.com\/index.php\/urun\/nisan-elbise-12\/","title":{"rendered":"Ni\u015fan Elbise 12"},"content":{"rendered":"<p><img fetchpriority=\"high\" decoding=\"async\" class=\"alignnone size-medium wp-image-301\" src=\"https:\/\/hepsinirda.com\/wp-content\/uploads\/2025\/08\/GUZG3479-225x300.jpg\" alt=\"\" width=\"225\" height=\"300\" srcset=\"https:\/\/hepsinirda.com\/wp-content\/uploads\/2025\/08\/GUZG3479-225x300.jpg 225w, https:\/\/hepsinirda.com\/wp-content\/uploads\/2025\/08\/GUZG3479-768x1024.jpg 768w, https:\/\/hepsinirda.com\/wp-content\/uploads\/2025\/08\/GUZG3479-1152x1536.jpg 1152w, https:\/\/hepsinirda.com\/wp-content\/uploads\/2025\/08\/GUZG3479-1024x1365.jpg 1024w, https:\/\/hepsinirda.com\/wp-content\/uploads\/2025\/08\/GUZG3479-600x800.jpg 600w, https:\/\/hepsinirda.com\/wp-content\/uploads\/2025\/08\/GUZG3479.jpg 1536w\" sizes=\"(max-width: 225px) 100vw, 225px\" \/><\/p>\n<p>\u00dcr\u00fcn Bilgi \u0130leti\u015fim :0530 362 64 29<\/p>\n<p>Kiral\u0131k Fiyat\u0131m\u0131z:4500 tl dir.<\/p>\n<p>Beden:36-38-40<\/p>\n","protected":false},"excerpt":{"rendered":"<p><img decoding=\"async\" class=\"alignnone size-medium wp-image-305\" src=\"https:\/\/hepsinirda.com\/wp-content\/uploads\/2025\/08\/NIAB7899-225x300.jpg\" alt=\"\" width=\"225\" height=\"300\" srcset=\"https:\/\/hepsinirda.com\/wp-content\/uploads\/2025\/08\/NIAB7899-225x300.jpg 225w, https:\/\/hepsinirda.com\/wp-content\/uploads\/2025\/08\/NIAB7899-768x1024.jpg 768w, https:\/\/hepsinirda.com\/wp-content\/uploads\/2025\/08\/NIAB7899-1152x1536.jpg 1152w, https:\/\/hepsinirda.com\/wp-content\/uploads\/2025\/08\/NIAB7899-1024x1365.jpg 1024w, https:\/\/hepsinirda.com\/wp-content\/uploads\/2025\/08\/NIAB7899-600x800.jpg 600w, https:\/\/hepsinirda.com\/wp-content\/uploads\/2025\/08\/NIAB7899.jpg 1536w\" sizes=\"(max-width: 225px) 100vw, 225px\" \/><\/p>\n","protected":false},"featured_media":301,"comment_status":"open","ping_status":"closed","template":"","meta":[],"product_brand":[],"product_cat":[16],"product_tag":[],"class_list":{"0":"post-300","1":"product","2":"type-product","3":"status-publish","4":"has-post-thumbnail","6":"product_cat-genel","8":"first","9":"instock","10":"taxable","11":"shipping-taxable","12":"purchasable","13":"product-type-simple"},"_links":{"self":[{"href":"https:\/\/hepsinirda.com\/index.php\/wp-json\/wp\/v2\/product\/300","targetHints":{"allow":["GET"]}}],"collection":[{"href":"https:\/\/hepsinirda.com\/index.php\/wp-json\/wp\/v2\/product"}],"about":[{"href":"https:\/\/hepsinirda.com\/index.php\/wp-json\/wp\/v2\/types\/product"}],"replies":[{"embeddable":true,"href":"https:\/\/hepsinirda.com\/index.php\/wp-json\/wp\/v2\/comments?post=300"}],"wp:featuredmedia":[{"embeddable":true,"href":"https:\/\/hepsinirda.com\/index.php\/wp-json\/wp\/v2\/media\/301"}],"wp:attachment":[{"href":"https:\/\/hepsinirda.com\/index.php\/wp-json\/wp\/v2\/media?parent=300"}],"wp:term":[{"taxonomy":"product_brand","embeddable":true,"href":"https:\/\/hepsinirda.com\/index.php\/wp-json\/wp\/v2\/product_brand?post=300"},{"taxonomy":"product_cat","embeddable":true,"href":"https:\/\/hepsinirda.com\/index.php\/wp-json\/wp\/v2\/product_cat?post=300"},{"taxonomy":"product_tag","embeddable":true,"href":"https:\/\/hepsinirda.com\/index.php\/wp-json\/wp\/v2\/product_tag?post=300"}],"curies":[{"name":"wp","href":"https:\/\/api.w.org\/{rel}","templated":true}]}}