{"id":298,"date":"2025-08-22T20:30:54","date_gmt":"2025-08-22T20:30:54","guid":{"rendered":"https:\/\/hepsinirda.com\/?post_type=product&#038;p=298"},"modified":"2025-08-22T20:31:28","modified_gmt":"2025-08-22T20:31:28","slug":"298","status":"publish","type":"product","link":"https:\/\/hepsinirda.com\/index.php\/urun\/298\/","title":{"rendered":"Ni\u015fan Elbise 11"},"content":{"rendered":"<p><img fetchpriority=\"high\" decoding=\"async\" class=\"alignnone size-medium wp-image-299\" src=\"https:\/\/hepsinirda.com\/wp-content\/uploads\/2025\/08\/BIXE7621-225x300.jpg\" alt=\"\" width=\"225\" height=\"300\" srcset=\"https:\/\/hepsinirda.com\/wp-content\/uploads\/2025\/08\/BIXE7621-225x300.jpg 225w, https:\/\/hepsinirda.com\/wp-content\/uploads\/2025\/08\/BIXE7621-768x1024.jpg 768w, https:\/\/hepsinirda.com\/wp-content\/uploads\/2025\/08\/BIXE7621-1152x1536.jpg 1152w, https:\/\/hepsinirda.com\/wp-content\/uploads\/2025\/08\/BIXE7621-1024x1365.jpg 1024w, https:\/\/hepsinirda.com\/wp-content\/uploads\/2025\/08\/BIXE7621-600x800.jpg 600w, https:\/\/hepsinirda.com\/wp-content\/uploads\/2025\/08\/BIXE7621.jpg 1536w\" sizes=\"(max-width: 225px) 100vw, 225px\" \/><\/p>\n<p>\u00dcr\u00fcn Bilgi \u0130leti\u015fim :0530 362 64 29<\/p>\n<p>Kiral\u0131k Fiyat\u0131m\u0131z:4500 tl dir.<\/p>\n<p>Beden:36-38-42<\/p>\n","protected":false},"excerpt":{"rendered":"<p>\u00dcr\u00fcn Bilgi \u0130leti\u015fim :0530 362 64 29 Kiral\u0131k Fiyat\u0131m\u0131z:4500 tl dir. Beden:36-38-42<\/p>\n","protected":false},"featured_media":299,"comment_status":"open","ping_status":"closed","template":"","meta":[],"product_brand":[],"product_cat":[16],"product_tag":[],"class_list":{"0":"post-298","1":"product","2":"type-product","3":"status-publish","4":"has-post-thumbnail","6":"product_cat-genel","8":"first","9":"instock","10":"taxable","11":"shipping-taxable","12":"purchasable","13":"product-type-simple"},"_links":{"self":[{"href":"https:\/\/hepsinirda.com\/index.php\/wp-json\/wp\/v2\/product\/298","targetHints":{"allow":["GET"]}}],"collection":[{"href":"https:\/\/hepsinirda.com\/index.php\/wp-json\/wp\/v2\/product"}],"about":[{"href":"https:\/\/hepsinirda.com\/index.php\/wp-json\/wp\/v2\/types\/product"}],"replies":[{"embeddable":true,"href":"https:\/\/hepsinirda.com\/index.php\/wp-json\/wp\/v2\/comments?post=298"}],"wp:featuredmedia":[{"embeddable":true,"href":"https:\/\/hepsinirda.com\/index.php\/wp-json\/wp\/v2\/media\/299"}],"wp:attachment":[{"href":"https:\/\/hepsinirda.com\/index.php\/wp-json\/wp\/v2\/media?parent=298"}],"wp:term":[{"taxonomy":"product_brand","embeddable":true,"href":"https:\/\/hepsinirda.com\/index.php\/wp-json\/wp\/v2\/product_brand?post=298"},{"taxonomy":"product_cat","embeddable":true,"href":"https:\/\/hepsinirda.com\/index.php\/wp-json\/wp\/v2\/product_cat?post=298"},{"taxonomy":"product_tag","embeddable":true,"href":"https:\/\/hepsinirda.com\/index.php\/wp-json\/wp\/v2\/product_tag?post=298"}],"curies":[{"name":"wp","href":"https:\/\/api.w.org\/{rel}","templated":true}]}}