{"id":232,"date":"2025-08-20T19:44:27","date_gmt":"2025-08-20T19:44:27","guid":{"rendered":"https:\/\/hepsinirda.com\/?post_type=product&#038;p=232"},"modified":"2025-08-21T18:05:04","modified_gmt":"2025-08-21T18:05:04","slug":"nisan-elbise-7","status":"publish","type":"product","link":"https:\/\/hepsinirda.com\/index.php\/urun\/nisan-elbise-7\/","title":{"rendered":"Ni\u015fan Elbise 7"},"content":{"rendered":"<p><img fetchpriority=\"high\" decoding=\"async\" class=\"alignnone size-medium wp-image-233\" src=\"https:\/\/hepsinirda.com\/wp-content\/uploads\/2025\/08\/c2033309-949c-4176-8fc1-ab8361e009f9-200x300.jpg\" alt=\"\" width=\"200\" height=\"300\" srcset=\"https:\/\/hepsinirda.com\/wp-content\/uploads\/2025\/08\/c2033309-949c-4176-8fc1-ab8361e009f9-200x300.jpg 200w, https:\/\/hepsinirda.com\/wp-content\/uploads\/2025\/08\/c2033309-949c-4176-8fc1-ab8361e009f9-683x1024.jpg 683w, https:\/\/hepsinirda.com\/wp-content\/uploads\/2025\/08\/c2033309-949c-4176-8fc1-ab8361e009f9-768x1152.jpg 768w, https:\/\/hepsinirda.com\/wp-content\/uploads\/2025\/08\/c2033309-949c-4176-8fc1-ab8361e009f9-1024x1536.jpg 1024w, https:\/\/hepsinirda.com\/wp-content\/uploads\/2025\/08\/c2033309-949c-4176-8fc1-ab8361e009f9-600x900.jpg 600w, https:\/\/hepsinirda.com\/wp-content\/uploads\/2025\/08\/c2033309-949c-4176-8fc1-ab8361e009f9.jpg 1066w\" sizes=\"(max-width: 200px) 100vw, 200px\" \/><\/p>\n<p>\u00dcr\u00fcn Bilgi \u0130leti\u015fim :0530 362 64 29<\/p>\n<p>Kiral\u0131k Fiyat\u0131m\u0131z:4500 tl dir.<\/p>\n<p>Beden:36-38<\/p>\n","protected":false},"excerpt":{"rendered":"<p>\u00dcr\u00fcn Bilgi \u0130leti\u015fim :0530 362 64 29 Kiral\u0131k Fiyat\u0131m\u0131z:4500 tl dir. Beden:36-38<\/p>\n","protected":false},"featured_media":233,"comment_status":"open","ping_status":"closed","template":"","meta":[],"product_brand":[],"product_cat":[16],"product_tag":[],"class_list":{"0":"post-232","1":"product","2":"type-product","3":"status-publish","4":"has-post-thumbnail","6":"product_cat-genel","8":"first","9":"instock","10":"taxable","11":"shipping-taxable","12":"purchasable","13":"product-type-simple"},"_links":{"self":[{"href":"https:\/\/hepsinirda.com\/index.php\/wp-json\/wp\/v2\/product\/232","targetHints":{"allow":["GET"]}}],"collection":[{"href":"https:\/\/hepsinirda.com\/index.php\/wp-json\/wp\/v2\/product"}],"about":[{"href":"https:\/\/hepsinirda.com\/index.php\/wp-json\/wp\/v2\/types\/product"}],"replies":[{"embeddable":true,"href":"https:\/\/hepsinirda.com\/index.php\/wp-json\/wp\/v2\/comments?post=232"}],"wp:featuredmedia":[{"embeddable":true,"href":"https:\/\/hepsinirda.com\/index.php\/wp-json\/wp\/v2\/media\/233"}],"wp:attachment":[{"href":"https:\/\/hepsinirda.com\/index.php\/wp-json\/wp\/v2\/media?parent=232"}],"wp:term":[{"taxonomy":"product_brand","embeddable":true,"href":"https:\/\/hepsinirda.com\/index.php\/wp-json\/wp\/v2\/product_brand?post=232"},{"taxonomy":"product_cat","embeddable":true,"href":"https:\/\/hepsinirda.com\/index.php\/wp-json\/wp\/v2\/product_cat?post=232"},{"taxonomy":"product_tag","embeddable":true,"href":"https:\/\/hepsinirda.com\/index.php\/wp-json\/wp\/v2\/product_tag?post=232"}],"curies":[{"name":"wp","href":"https:\/\/api.w.org\/{rel}","templated":true}]}}