{"id":230,"date":"2025-08-20T19:42:05","date_gmt":"2025-08-20T19:42:05","guid":{"rendered":"https:\/\/hepsinirda.com\/?post_type=product&#038;p=230"},"modified":"2025-08-21T18:09:43","modified_gmt":"2025-08-21T18:09:43","slug":"nisan-elbise-6","status":"publish","type":"product","link":"https:\/\/hepsinirda.com\/index.php\/urun\/nisan-elbise-6\/","title":{"rendered":"Ni\u015fan Elbise 6"},"content":{"rendered":"<p><img fetchpriority=\"high\" decoding=\"async\" class=\"alignnone size-medium wp-image-231\" src=\"https:\/\/hepsinirda.com\/wp-content\/uploads\/2025\/08\/C376DA84-9D17-4F3F-A940-6DB6EB5441CB-169x300.jpg\" alt=\"\" width=\"169\" height=\"300\" srcset=\"https:\/\/hepsinirda.com\/wp-content\/uploads\/2025\/08\/C376DA84-9D17-4F3F-A940-6DB6EB5441CB-169x300.jpg 169w, https:\/\/hepsinirda.com\/wp-content\/uploads\/2025\/08\/C376DA84-9D17-4F3F-A940-6DB6EB5441CB-576x1024.jpg 576w, https:\/\/hepsinirda.com\/wp-content\/uploads\/2025\/08\/C376DA84-9D17-4F3F-A940-6DB6EB5441CB-768x1365.jpg 768w, https:\/\/hepsinirda.com\/wp-content\/uploads\/2025\/08\/C376DA84-9D17-4F3F-A940-6DB6EB5441CB-864x1536.jpg 864w, https:\/\/hepsinirda.com\/wp-content\/uploads\/2025\/08\/C376DA84-9D17-4F3F-A940-6DB6EB5441CB-1152x2048.jpg 1152w, https:\/\/hepsinirda.com\/wp-content\/uploads\/2025\/08\/C376DA84-9D17-4F3F-A940-6DB6EB5441CB-1024x1820.jpg 1024w, https:\/\/hepsinirda.com\/wp-content\/uploads\/2025\/08\/C376DA84-9D17-4F3F-A940-6DB6EB5441CB-600x1067.jpg 600w, https:\/\/hepsinirda.com\/wp-content\/uploads\/2025\/08\/C376DA84-9D17-4F3F-A940-6DB6EB5441CB.jpg 1170w\" sizes=\"(max-width: 169px) 100vw, 169px\" \/><\/p>\n<p>\u00dcr\u00fcn Bilgi \u0130leti\u015fim :0530 362 64 29<\/p>\n<p>Kiral\u0131k Fiyat\u0131m\u0131z:3500 tl dir.<\/p>\n<p>Beden:38-40<\/p>\n","protected":false},"excerpt":{"rendered":"<p>\u00dcr\u00fcn Bilgi \u0130leti\u015fim :0530 362 64 29 Kiral\u0131k Fiyat\u0131m\u0131z:3500 tl dir. Beden:38-40<\/p>\n","protected":false},"featured_media":231,"comment_status":"open","ping_status":"closed","template":"","meta":[],"product_brand":[],"product_cat":[16],"product_tag":[],"class_list":{"0":"post-230","1":"product","2":"type-product","3":"status-publish","4":"has-post-thumbnail","6":"product_cat-genel","8":"first","9":"instock","10":"taxable","11":"shipping-taxable","12":"purchasable","13":"product-type-simple"},"_links":{"self":[{"href":"https:\/\/hepsinirda.com\/index.php\/wp-json\/wp\/v2\/product\/230","targetHints":{"allow":["GET"]}}],"collection":[{"href":"https:\/\/hepsinirda.com\/index.php\/wp-json\/wp\/v2\/product"}],"about":[{"href":"https:\/\/hepsinirda.com\/index.php\/wp-json\/wp\/v2\/types\/product"}],"replies":[{"embeddable":true,"href":"https:\/\/hepsinirda.com\/index.php\/wp-json\/wp\/v2\/comments?post=230"}],"wp:featuredmedia":[{"embeddable":true,"href":"https:\/\/hepsinirda.com\/index.php\/wp-json\/wp\/v2\/media\/231"}],"wp:attachment":[{"href":"https:\/\/hepsinirda.com\/index.php\/wp-json\/wp\/v2\/media?parent=230"}],"wp:term":[{"taxonomy":"product_brand","embeddable":true,"href":"https:\/\/hepsinirda.com\/index.php\/wp-json\/wp\/v2\/product_brand?post=230"},{"taxonomy":"product_cat","embeddable":true,"href":"https:\/\/hepsinirda.com\/index.php\/wp-json\/wp\/v2\/product_cat?post=230"},{"taxonomy":"product_tag","embeddable":true,"href":"https:\/\/hepsinirda.com\/index.php\/wp-json\/wp\/v2\/product_tag?post=230"}],"curies":[{"name":"wp","href":"https:\/\/api.w.org\/{rel}","templated":true}]}}