{"id":228,"date":"2025-08-20T19:32:19","date_gmt":"2025-08-20T19:32:19","guid":{"rendered":"https:\/\/hepsinirda.com\/?post_type=product&#038;p=228"},"modified":"2025-08-21T18:12:51","modified_gmt":"2025-08-21T18:12:51","slug":"nisan-elbise-5","status":"publish","type":"product","link":"https:\/\/hepsinirda.com\/index.php\/urun\/nisan-elbise-5\/","title":{"rendered":"Ni\u015fan Elbise 5"},"content":{"rendered":"<p><img fetchpriority=\"high\" decoding=\"async\" class=\"alignnone size-medium wp-image-229\" src=\"https:\/\/hepsinirda.com\/wp-content\/uploads\/2025\/08\/9a0bcf05-a77d-481c-adcc-9b741e36720e-240x300.jpg\" alt=\"\" width=\"240\" height=\"300\" srcset=\"https:\/\/hepsinirda.com\/wp-content\/uploads\/2025\/08\/9a0bcf05-a77d-481c-adcc-9b741e36720e-240x300.jpg 240w, https:\/\/hepsinirda.com\/wp-content\/uploads\/2025\/08\/9a0bcf05-a77d-481c-adcc-9b741e36720e-819x1024.jpg 819w, https:\/\/hepsinirda.com\/wp-content\/uploads\/2025\/08\/9a0bcf05-a77d-481c-adcc-9b741e36720e-768x960.jpg 768w, https:\/\/hepsinirda.com\/wp-content\/uploads\/2025\/08\/9a0bcf05-a77d-481c-adcc-9b741e36720e-1229x1536.jpg 1229w, https:\/\/hepsinirda.com\/wp-content\/uploads\/2025\/08\/9a0bcf05-a77d-481c-adcc-9b741e36720e-1024x1280.jpg 1024w, https:\/\/hepsinirda.com\/wp-content\/uploads\/2025\/08\/9a0bcf05-a77d-481c-adcc-9b741e36720e-600x750.jpg 600w, https:\/\/hepsinirda.com\/wp-content\/uploads\/2025\/08\/9a0bcf05-a77d-481c-adcc-9b741e36720e.jpg 1280w\" sizes=\"(max-width: 240px) 100vw, 240px\" \/><\/p>\n<p>\u00dcr\u00fcn Bilgi \u0130leti\u015fim :0530 362 64 29<\/p>\n<p>Kiral\u0131k Fiyat\u0131m\u0131z:4500 tl dir.<\/p>\n<p>Beden:36-38<\/p>\n","protected":false},"excerpt":{"rendered":"<p>\u00dcr\u00fcn Bilgi \u0130leti\u015fim :0530 362 64 29 Kiral\u0131k Fiyat\u0131m\u0131z:4500 tl dir. Beden:36-38<\/p>\n","protected":false},"featured_media":229,"comment_status":"open","ping_status":"closed","template":"","meta":[],"product_brand":[],"product_cat":[16],"product_tag":[],"class_list":{"0":"post-228","1":"product","2":"type-product","3":"status-publish","4":"has-post-thumbnail","6":"product_cat-genel","8":"first","9":"instock","10":"taxable","11":"shipping-taxable","12":"purchasable","13":"product-type-simple"},"_links":{"self":[{"href":"https:\/\/hepsinirda.com\/index.php\/wp-json\/wp\/v2\/product\/228","targetHints":{"allow":["GET"]}}],"collection":[{"href":"https:\/\/hepsinirda.com\/index.php\/wp-json\/wp\/v2\/product"}],"about":[{"href":"https:\/\/hepsinirda.com\/index.php\/wp-json\/wp\/v2\/types\/product"}],"replies":[{"embeddable":true,"href":"https:\/\/hepsinirda.com\/index.php\/wp-json\/wp\/v2\/comments?post=228"}],"wp:featuredmedia":[{"embeddable":true,"href":"https:\/\/hepsinirda.com\/index.php\/wp-json\/wp\/v2\/media\/229"}],"wp:attachment":[{"href":"https:\/\/hepsinirda.com\/index.php\/wp-json\/wp\/v2\/media?parent=228"}],"wp:term":[{"taxonomy":"product_brand","embeddable":true,"href":"https:\/\/hepsinirda.com\/index.php\/wp-json\/wp\/v2\/product_brand?post=228"},{"taxonomy":"product_cat","embeddable":true,"href":"https:\/\/hepsinirda.com\/index.php\/wp-json\/wp\/v2\/product_cat?post=228"},{"taxonomy":"product_tag","embeddable":true,"href":"https:\/\/hepsinirda.com\/index.php\/wp-json\/wp\/v2\/product_tag?post=228"}],"curies":[{"name":"wp","href":"https:\/\/api.w.org\/{rel}","templated":true}]}}