{"id":226,"date":"2025-08-20T19:28:25","date_gmt":"2025-08-20T19:28:25","guid":{"rendered":"https:\/\/hepsinirda.com\/?post_type=product&#038;p=226"},"modified":"2025-08-21T18:06:39","modified_gmt":"2025-08-21T18:06:39","slug":"nisan-elbise-1","status":"publish","type":"product","link":"https:\/\/hepsinirda.com\/index.php\/urun\/nisan-elbise-1\/","title":{"rendered":"Ni\u015fan Elbise 1"},"content":{"rendered":"<p><img fetchpriority=\"high\" decoding=\"async\" class=\"alignnone size-medium wp-image-227\" src=\"https:\/\/hepsinirda.com\/wp-content\/uploads\/2025\/08\/IMG_8133-225x300.jpg\" alt=\"\" width=\"225\" height=\"300\" srcset=\"https:\/\/hepsinirda.com\/wp-content\/uploads\/2025\/08\/IMG_8133-225x300.jpg 225w, https:\/\/hepsinirda.com\/wp-content\/uploads\/2025\/08\/IMG_8133-768x1024.jpg 768w, https:\/\/hepsinirda.com\/wp-content\/uploads\/2025\/08\/IMG_8133-1152x1536.jpg 1152w, https:\/\/hepsinirda.com\/wp-content\/uploads\/2025\/08\/IMG_8133-1536x2048.jpg 1536w, https:\/\/hepsinirda.com\/wp-content\/uploads\/2025\/08\/IMG_8133-1024x1365.jpg 1024w, https:\/\/hepsinirda.com\/wp-content\/uploads\/2025\/08\/IMG_8133-600x800.jpg 600w, https:\/\/hepsinirda.com\/wp-content\/uploads\/2025\/08\/IMG_8133-scaled.jpg 1920w\" sizes=\"(max-width: 225px) 100vw, 225px\" \/><\/p>\n<p>\u00dcr\u00fcn Bilgi \u0130leti\u015fim :0530 362 64 29<\/p>\n<p>Kiral\u0131k Fiyat\u0131m\u0131z:4500 tl dir.<\/p>\n<p>Beden:36-38-40<\/p>\n","protected":false},"excerpt":{"rendered":"<p>\u00dcr\u00fcn Bilgi \u0130leti\u015fim :0530 362 64 29 Kiral\u0131k Fiyat\u0131m\u0131z:4500 tl dir. Beden:36-38-40<\/p>\n","protected":false},"featured_media":227,"comment_status":"open","ping_status":"closed","template":"","meta":[],"product_brand":[],"product_cat":[16],"product_tag":[],"class_list":{"0":"post-226","1":"product","2":"type-product","3":"status-publish","4":"has-post-thumbnail","6":"product_cat-genel","8":"first","9":"instock","10":"taxable","11":"shipping-taxable","12":"purchasable","13":"product-type-simple"},"_links":{"self":[{"href":"https:\/\/hepsinirda.com\/index.php\/wp-json\/wp\/v2\/product\/226","targetHints":{"allow":["GET"]}}],"collection":[{"href":"https:\/\/hepsinirda.com\/index.php\/wp-json\/wp\/v2\/product"}],"about":[{"href":"https:\/\/hepsinirda.com\/index.php\/wp-json\/wp\/v2\/types\/product"}],"replies":[{"embeddable":true,"href":"https:\/\/hepsinirda.com\/index.php\/wp-json\/wp\/v2\/comments?post=226"}],"wp:featuredmedia":[{"embeddable":true,"href":"https:\/\/hepsinirda.com\/index.php\/wp-json\/wp\/v2\/media\/227"}],"wp:attachment":[{"href":"https:\/\/hepsinirda.com\/index.php\/wp-json\/wp\/v2\/media?parent=226"}],"wp:term":[{"taxonomy":"product_brand","embeddable":true,"href":"https:\/\/hepsinirda.com\/index.php\/wp-json\/wp\/v2\/product_brand?post=226"},{"taxonomy":"product_cat","embeddable":true,"href":"https:\/\/hepsinirda.com\/index.php\/wp-json\/wp\/v2\/product_cat?post=226"},{"taxonomy":"product_tag","embeddable":true,"href":"https:\/\/hepsinirda.com\/index.php\/wp-json\/wp\/v2\/product_tag?post=226"}],"curies":[{"name":"wp","href":"https:\/\/api.w.org\/{rel}","templated":true}]}}