{"id":222,"date":"2025-08-20T19:16:06","date_gmt":"2025-08-20T19:16:06","guid":{"rendered":"https:\/\/hepsinirda.com\/?post_type=product&#038;p=222"},"modified":"2025-08-21T18:16:22","modified_gmt":"2025-08-21T18:16:22","slug":"nisan-elbise-3","status":"publish","type":"product","link":"https:\/\/hepsinirda.com\/index.php\/urun\/nisan-elbise-3\/","title":{"rendered":"Ni\u015fan Elbise 3"},"content":{"rendered":"<p><img fetchpriority=\"high\" decoding=\"async\" class=\"alignnone size-medium wp-image-223\" src=\"https:\/\/hepsinirda.com\/wp-content\/uploads\/2025\/08\/IMG_6257-225x300.jpg\" alt=\"\" width=\"225\" height=\"300\" srcset=\"https:\/\/hepsinirda.com\/wp-content\/uploads\/2025\/08\/IMG_6257-225x300.jpg 225w, https:\/\/hepsinirda.com\/wp-content\/uploads\/2025\/08\/IMG_6257-768x1024.jpg 768w, https:\/\/hepsinirda.com\/wp-content\/uploads\/2025\/08\/IMG_6257-1152x1536.jpg 1152w, https:\/\/hepsinirda.com\/wp-content\/uploads\/2025\/08\/IMG_6257-1536x2048.jpg 1536w, https:\/\/hepsinirda.com\/wp-content\/uploads\/2025\/08\/IMG_6257-1024x1365.jpg 1024w, https:\/\/hepsinirda.com\/wp-content\/uploads\/2025\/08\/IMG_6257-600x800.jpg 600w, https:\/\/hepsinirda.com\/wp-content\/uploads\/2025\/08\/IMG_6257-scaled.jpg 1920w\" sizes=\"(max-width: 225px) 100vw, 225px\" \/><\/p>\n<p>\u00dcr\u00fcn Bilgi \u0130leti\u015fim :0530 362 64 29<\/p>\n<p>Kiral\u0131k Fiyat\u0131m\u0131z:4500 tl dir.<\/p>\n<p>Beden:36-38<\/p>\n","protected":false},"excerpt":{"rendered":"<p><img fetchpriority=\"high\" decoding=\"async\" class=\"alignnone size-medium wp-image-223\" src=\"https:\/\/hepsinirda.com\/wp-content\/uploads\/2025\/08\/IMG_6257-225x300.jpg\" alt=\"\" width=\"225\" height=\"300\" srcset=\"https:\/\/hepsinirda.com\/wp-content\/uploads\/2025\/08\/IMG_6257-225x300.jpg 225w, https:\/\/hepsinirda.com\/wp-content\/uploads\/2025\/08\/IMG_6257-768x1024.jpg 768w, https:\/\/hepsinirda.com\/wp-content\/uploads\/2025\/08\/IMG_6257-1152x1536.jpg 1152w, https:\/\/hepsinirda.com\/wp-content\/uploads\/2025\/08\/IMG_6257-1536x2048.jpg 1536w, https:\/\/hepsinirda.com\/wp-content\/uploads\/2025\/08\/IMG_6257-1024x1365.jpg 1024w, https:\/\/hepsinirda.com\/wp-content\/uploads\/2025\/08\/IMG_6257-600x800.jpg 600w, https:\/\/hepsinirda.com\/wp-content\/uploads\/2025\/08\/IMG_6257-scaled.jpg 1920w\" sizes=\"(max-width: 225px) 100vw, 225px\" \/><\/p>\n","protected":false},"featured_media":223,"comment_status":"open","ping_status":"closed","template":"","meta":[],"product_brand":[],"product_cat":[16],"product_tag":[],"class_list":{"0":"post-222","1":"product","2":"type-product","3":"status-publish","4":"has-post-thumbnail","6":"product_cat-genel","8":"first","9":"instock","10":"taxable","11":"shipping-taxable","12":"purchasable","13":"product-type-simple"},"_links":{"self":[{"href":"https:\/\/hepsinirda.com\/index.php\/wp-json\/wp\/v2\/product\/222","targetHints":{"allow":["GET"]}}],"collection":[{"href":"https:\/\/hepsinirda.com\/index.php\/wp-json\/wp\/v2\/product"}],"about":[{"href":"https:\/\/hepsinirda.com\/index.php\/wp-json\/wp\/v2\/types\/product"}],"replies":[{"embeddable":true,"href":"https:\/\/hepsinirda.com\/index.php\/wp-json\/wp\/v2\/comments?post=222"}],"wp:featuredmedia":[{"embeddable":true,"href":"https:\/\/hepsinirda.com\/index.php\/wp-json\/wp\/v2\/media\/223"}],"wp:attachment":[{"href":"https:\/\/hepsinirda.com\/index.php\/wp-json\/wp\/v2\/media?parent=222"}],"wp:term":[{"taxonomy":"product_brand","embeddable":true,"href":"https:\/\/hepsinirda.com\/index.php\/wp-json\/wp\/v2\/product_brand?post=222"},{"taxonomy":"product_cat","embeddable":true,"href":"https:\/\/hepsinirda.com\/index.php\/wp-json\/wp\/v2\/product_cat?post=222"},{"taxonomy":"product_tag","embeddable":true,"href":"https:\/\/hepsinirda.com\/index.php\/wp-json\/wp\/v2\/product_tag?post=222"}],"curies":[{"name":"wp","href":"https:\/\/api.w.org\/{rel}","templated":true}]}}