{"id":219,"date":"2025-08-20T19:06:37","date_gmt":"2025-08-20T19:06:37","guid":{"rendered":"https:\/\/hepsinirda.com\/?post_type=product&#038;p=219"},"modified":"2025-08-21T18:03:14","modified_gmt":"2025-08-21T18:03:14","slug":"nisan-elbise2","status":"publish","type":"product","link":"https:\/\/hepsinirda.com\/index.php\/urun\/nisan-elbise2\/","title":{"rendered":"Ni\u015fan Elbise 2"},"content":{"rendered":"<p><img fetchpriority=\"high\" decoding=\"async\" class=\"alignnone size-medium wp-image-220\" src=\"https:\/\/hepsinirda.com\/wp-content\/uploads\/2025\/08\/IMG_3342-188x300.jpg\" alt=\"\" width=\"188\" height=\"300\" srcset=\"https:\/\/hepsinirda.com\/wp-content\/uploads\/2025\/08\/IMG_3342-188x300.jpg 188w, https:\/\/hepsinirda.com\/wp-content\/uploads\/2025\/08\/IMG_3342-641x1024.jpg 641w, https:\/\/hepsinirda.com\/wp-content\/uploads\/2025\/08\/IMG_3342-768x1226.jpg 768w, https:\/\/hepsinirda.com\/wp-content\/uploads\/2025\/08\/IMG_3342-962x1536.jpg 962w, https:\/\/hepsinirda.com\/wp-content\/uploads\/2025\/08\/IMG_3342-1283x2048.jpg 1283w, https:\/\/hepsinirda.com\/wp-content\/uploads\/2025\/08\/IMG_3342-1024x1635.jpg 1024w, https:\/\/hepsinirda.com\/wp-content\/uploads\/2025\/08\/IMG_3342-600x958.jpg 600w, https:\/\/hepsinirda.com\/wp-content\/uploads\/2025\/08\/IMG_3342-scaled.jpg 1604w\" sizes=\"(max-width: 188px) 100vw, 188px\" \/><\/p>\n<p>\u00dcr\u00fcn Bilgi \u0130leti\u015fim :0530 362 64 29<\/p>\n<p>Kiral\u0131k Fiyat\u0131m\u0131z:3500 tl dir.<\/p>\n<p>Beden:40<\/p>\n","protected":false},"excerpt":{"rendered":"<p><img fetchpriority=\"high\" decoding=\"async\" class=\"alignnone size-medium wp-image-220\" src=\"https:\/\/hepsinirda.com\/wp-content\/uploads\/2025\/08\/IMG_3342-188x300.jpg\" alt=\"\" width=\"188\" height=\"300\" srcset=\"https:\/\/hepsinirda.com\/wp-content\/uploads\/2025\/08\/IMG_3342-188x300.jpg 188w, https:\/\/hepsinirda.com\/wp-content\/uploads\/2025\/08\/IMG_3342-641x1024.jpg 641w, https:\/\/hepsinirda.com\/wp-content\/uploads\/2025\/08\/IMG_3342-768x1226.jpg 768w, https:\/\/hepsinirda.com\/wp-content\/uploads\/2025\/08\/IMG_3342-962x1536.jpg 962w, https:\/\/hepsinirda.com\/wp-content\/uploads\/2025\/08\/IMG_3342-1283x2048.jpg 1283w, https:\/\/hepsinirda.com\/wp-content\/uploads\/2025\/08\/IMG_3342-1024x1635.jpg 1024w, https:\/\/hepsinirda.com\/wp-content\/uploads\/2025\/08\/IMG_3342-600x958.jpg 600w, https:\/\/hepsinirda.com\/wp-content\/uploads\/2025\/08\/IMG_3342-scaled.jpg 1604w\" sizes=\"(max-width: 188px) 100vw, 188px\" \/><\/p>\n","protected":false},"featured_media":218,"comment_status":"open","ping_status":"closed","template":"","meta":[],"product_brand":[],"product_cat":[16],"product_tag":[],"class_list":{"0":"post-219","1":"product","2":"type-product","3":"status-publish","4":"has-post-thumbnail","6":"product_cat-genel","8":"first","9":"instock","10":"featured","11":"taxable","12":"shipping-taxable","13":"purchasable","14":"product-type-simple"},"_links":{"self":[{"href":"https:\/\/hepsinirda.com\/index.php\/wp-json\/wp\/v2\/product\/219","targetHints":{"allow":["GET"]}}],"collection":[{"href":"https:\/\/hepsinirda.com\/index.php\/wp-json\/wp\/v2\/product"}],"about":[{"href":"https:\/\/hepsinirda.com\/index.php\/wp-json\/wp\/v2\/types\/product"}],"replies":[{"embeddable":true,"href":"https:\/\/hepsinirda.com\/index.php\/wp-json\/wp\/v2\/comments?post=219"}],"wp:featuredmedia":[{"embeddable":true,"href":"https:\/\/hepsinirda.com\/index.php\/wp-json\/wp\/v2\/media\/218"}],"wp:attachment":[{"href":"https:\/\/hepsinirda.com\/index.php\/wp-json\/wp\/v2\/media?parent=219"}],"wp:term":[{"taxonomy":"product_brand","embeddable":true,"href":"https:\/\/hepsinirda.com\/index.php\/wp-json\/wp\/v2\/product_brand?post=219"},{"taxonomy":"product_cat","embeddable":true,"href":"https:\/\/hepsinirda.com\/index.php\/wp-json\/wp\/v2\/product_cat?post=219"},{"taxonomy":"product_tag","embeddable":true,"href":"https:\/\/hepsinirda.com\/index.php\/wp-json\/wp\/v2\/product_tag?post=219"}],"curies":[{"name":"wp","href":"https:\/\/api.w.org\/{rel}","templated":true}]}}