{"id":8,"date":"2025-07-13T08:32:10","date_gmt":"2025-07-13T08:32:10","guid":{"rendered":"http:\/\/hepsinirda.com\/?page_id=8"},"modified":"2025-08-20T21:41:25","modified_gmt":"2025-08-20T21:41:25","slug":"yakinda","status":"publish","type":"page","link":"https:\/\/hepsinirda.com\/index.php\/yakinda\/","title":{"rendered":"YAKINDA"},"content":{"rendered":"<h3>Merhaba De\u011ferli Ziyaret\u00e7imiz!<\/h3>\n<p><strong><a href=\"http:\/\/www.hepsinirda.com\/\" target=\"_blank\" rel=\"noopener noreferrer\">www.hepsinirda.com<\/a><\/strong> e-ticaret platformuna ho\u015f geldiniz!<\/p>\n<p>Yak\u0131nda sizlere en iyi \u00fcr\u00fcnleri, en uygun fiyatlarla sunmak i\u00e7in \u00e7al\u0131\u015f\u0131yoruz. Al\u0131\u015fveri\u015f deneyiminizi en \u00fcst d\u00fczeye \u00e7\u0131karmak ad\u0131na:<\/p>\n<ul>\n<li><strong>Kapsaml\u0131 \u00dcr\u00fcn Se\u00e7enekleri:<\/strong>\u00a0Her ihtiyac\u0131n\u0131za y\u00f6nelik \u00fcr\u00fcnlerle dolu bir ma\u011faza sizi bekliyor.<\/li>\n<li><strong>H\u0131zl\u0131 Teslimat:<\/strong>\u00a0Sipari\u015flerinizi en k\u0131sa s\u00fcrede kap\u0131n\u0131za ula\u015ft\u0131rmay\u0131 hedefliyoruz.<\/li>\n<li><strong>M\u00fc\u015fteri Deste\u011fi:<\/strong>\u00a0Herhangi bir sorunuz oldu\u011funda, size yard\u0131mc\u0131 olmaktan mutluluk duyar\u0131z.<\/li>\n<\/ul>\n<p>Bizi takip edin ve a\u00e7\u0131l\u0131\u015f\u0131m\u0131za \u00f6zel f\u0131rsatlar\u0131 ka\u00e7\u0131rmay\u0131n!<\/p>\n","protected":false},"excerpt":{"rendered":"<p>Merhaba De\u011ferli Ziyaret\u00e7imiz! www.hepsinirda.com e-ticaret platformuna ho\u015f geldiniz! Yak\u0131nda sizlere en iyi \u00fcr\u00fcnleri, en uygun fiyatlarla sunmak i\u00e7in \u00e7al\u0131\u015f\u0131yoruz. Al\u0131\u015fveri\u015f deneyiminizi en \u00fcst d\u00fczeye \u00e7\u0131karmak ad\u0131na: Kapsaml\u0131 \u00dcr\u00fcn Se\u00e7enekleri:\u00a0Her ihtiyac\u0131n\u0131za y\u00f6nelik \u00fcr\u00fcnlerle dolu bir ma\u011faza sizi bekliyor. H\u0131zl\u0131 Teslimat:\u00a0Sipari\u015flerinizi en k\u0131sa s\u00fcrede kap\u0131n\u0131za ula\u015ft\u0131rmay\u0131 hedefliyoruz. M\u00fc\u015fteri Deste\u011fi:\u00a0Herhangi bir sorunuz oldu\u011funda, size yard\u0131mc\u0131 olmaktan mutluluk duyar\u0131z. [&hellip;]<\/p>\n","protected":false},"author":1,"featured_media":118,"parent":0,"menu_order":0,"comment_status":"closed","ping_status":"closed","template":"elementor_header_footer","meta":{"footnotes":""},"class_list":["post-8","page","type-page","status-publish","has-post-thumbnail","hentry"],"_links":{"self":[{"href":"https:\/\/hepsinirda.com\/index.php\/wp-json\/wp\/v2\/pages\/8","targetHints":{"allow":["GET"]}}],"collection":[{"href":"https:\/\/hepsinirda.com\/index.php\/wp-json\/wp\/v2\/pages"}],"about":[{"href":"https:\/\/hepsinirda.com\/index.php\/wp-json\/wp\/v2\/types\/page"}],"author":[{"embeddable":true,"href":"https:\/\/hepsinirda.com\/index.php\/wp-json\/wp\/v2\/users\/1"}],"replies":[{"embeddable":true,"href":"https:\/\/hepsinirda.com\/index.php\/wp-json\/wp\/v2\/comments?post=8"}],"version-history":[{"count":11,"href":"https:\/\/hepsinirda.com\/index.php\/wp-json\/wp\/v2\/pages\/8\/revisions"}],"predecessor-version":[{"id":256,"href":"https:\/\/hepsinirda.com\/index.php\/wp-json\/wp\/v2\/pages\/8\/revisions\/256"}],"wp:featuredmedia":[{"embeddable":true,"href":"https:\/\/hepsinirda.com\/index.php\/wp-json\/wp\/v2\/media\/118"}],"wp:attachment":[{"href":"https:\/\/hepsinirda.com\/index.php\/wp-json\/wp\/v2\/media?parent=8"}],"curies":[{"name":"wp","href":"https:\/\/api.w.org\/{rel}","templated":true}]}}