{"id":110,"date":"2025-08-20T21:14:10","date_gmt":"2025-08-20T21:14:10","guid":{"rendered":"https:\/\/hepsinirda.com\/?page_id=110"},"modified":"2025-08-20T21:21:56","modified_gmt":"2025-08-20T21:21:56","slug":"yerel-magazalarimiz","status":"publish","type":"page","link":"https:\/\/hepsinirda.com\/index.php\/yerel-magazalarimiz\/","title":{"rendered":"Yerel Sat\u0131c\u0131lar\u0131m\u0131z"},"content":{"rendered":"\n<p><\/p>\n\n\n\n<figure class=\"wp-block-image size-full is-resized\"><img fetchpriority=\"high\" decoding=\"async\" width=\"1024\" height=\"1024\" src=\"https:\/\/hepsinirda.com\/wp-content\/uploads\/2025\/08\/Nurgulisikrentaldress.jpg\" alt=\"\" class=\"wp-image-246\" style=\"width:263px;height:auto\" srcset=\"https:\/\/hepsinirda.com\/wp-content\/uploads\/2025\/08\/Nurgulisikrentaldress.jpg 1024w, https:\/\/hepsinirda.com\/wp-content\/uploads\/2025\/08\/Nurgulisikrentaldress-300x300.jpg 300w, https:\/\/hepsinirda.com\/wp-content\/uploads\/2025\/08\/Nurgulisikrentaldress-150x150.jpg 150w, https:\/\/hepsinirda.com\/wp-content\/uploads\/2025\/08\/Nurgulisikrentaldress-768x768.jpg 768w, https:\/\/hepsinirda.com\/wp-content\/uploads\/2025\/08\/Nurgulisikrentaldress-350x350.jpg 350w, https:\/\/hepsinirda.com\/wp-content\/uploads\/2025\/08\/Nurgulisikrentaldress-600x600.jpg 600w, https:\/\/hepsinirda.com\/wp-content\/uploads\/2025\/08\/Nurgulisikrentaldress-100x100.jpg 100w\" sizes=\"(max-width: 1024px) 100vw, 1024px\" \/><\/figure>\n\n\n\n<p>Sizde Burada Yerinizi Almak \u0130sterseniz Bizimle \u0130leti\u015fime Ge\u00e7in.. !<\/p>\n","protected":false},"excerpt":{"rendered":"<p>Sizde Burada Yerinizi Almak \u0130sterseniz Bizimle \u0130leti\u015fime Ge\u00e7in.. !<\/p>\n","protected":false},"author":1,"featured_media":0,"parent":0,"menu_order":0,"comment_status":"closed","ping_status":"closed","template":"","meta":{"footnotes":""},"class_list":["post-110","page","type-page","status-publish","hentry"],"_links":{"self":[{"href":"https:\/\/hepsinirda.com\/index.php\/wp-json\/wp\/v2\/pages\/110","targetHints":{"allow":["GET"]}}],"collection":[{"href":"https:\/\/hepsinirda.com\/index.php\/wp-json\/wp\/v2\/pages"}],"about":[{"href":"https:\/\/hepsinirda.com\/index.php\/wp-json\/wp\/v2\/types\/page"}],"author":[{"embeddable":true,"href":"https:\/\/hepsinirda.com\/index.php\/wp-json\/wp\/v2\/users\/1"}],"replies":[{"embeddable":true,"href":"https:\/\/hepsinirda.com\/index.php\/wp-json\/wp\/v2\/comments?post=110"}],"version-history":[{"count":4,"href":"https:\/\/hepsinirda.com\/index.php\/wp-json\/wp\/v2\/pages\/110\/revisions"}],"predecessor-version":[{"id":249,"href":"https:\/\/hepsinirda.com\/index.php\/wp-json\/wp\/v2\/pages\/110\/revisions\/249"}],"wp:attachment":[{"href":"https:\/\/hepsinirda.com\/index.php\/wp-json\/wp\/v2\/media?parent=110"}],"curies":[{"name":"wp","href":"https:\/\/api.w.org\/{rel}","templated":true}]}}